{"id":2844,"date":"2024-07-12T07:19:00","date_gmt":"2024-07-12T07:19:00","guid":{"rendered":"https:\/\/sanlainfirewood.ee\/yrityksesta\/"},"modified":"2025-07-03T12:35:59","modified_gmt":"2025-07-03T12:35:59","slug":"yrityksesta","status":"publish","type":"page","link":"https:\/\/sanlainfirewood.ee\/fi\/yrityksesta\/","title":{"rendered":"Yrityksest\u00e4"},"content":{"rendered":"\t\t<div data-elementor-type=\"wp-page\" data-elementor-id=\"2844\" class=\"elementor elementor-2844\" data-elementor-settings=\"{&quot;element_pack_global_tooltip_width&quot;:{&quot;unit&quot;:&quot;px&quot;,&quot;size&quot;:&quot;&quot;,&quot;sizes&quot;:[]},&quot;element_pack_global_tooltip_width_tablet&quot;:{&quot;unit&quot;:&quot;px&quot;,&quot;size&quot;:&quot;&quot;,&quot;sizes&quot;:[]},&quot;element_pack_global_tooltip_width_mobile&quot;:{&quot;unit&quot;:&quot;px&quot;,&quot;size&quot;:&quot;&quot;,&quot;sizes&quot;:[]},&quot;element_pack_global_tooltip_padding&quot;:{&quot;unit&quot;:&quot;px&quot;,&quot;top&quot;:&quot;&quot;,&quot;right&quot;:&quot;&quot;,&quot;bottom&quot;:&quot;&quot;,&quot;left&quot;:&quot;&quot;,&quot;isLinked&quot;:true},&quot;element_pack_global_tooltip_padding_tablet&quot;:{&quot;unit&quot;:&quot;px&quot;,&quot;top&quot;:&quot;&quot;,&quot;right&quot;:&quot;&quot;,&quot;bottom&quot;:&quot;&quot;,&quot;left&quot;:&quot;&quot;,&quot;isLinked&quot;:true},&quot;element_pack_global_tooltip_padding_mobile&quot;:{&quot;unit&quot;:&quot;px&quot;,&quot;top&quot;:&quot;&quot;,&quot;right&quot;:&quot;&quot;,&quot;bottom&quot;:&quot;&quot;,&quot;left&quot;:&quot;&quot;,&quot;isLinked&quot;:true},&quot;element_pack_global_tooltip_border_radius&quot;:{&quot;unit&quot;:&quot;px&quot;,&quot;top&quot;:&quot;&quot;,&quot;right&quot;:&quot;&quot;,&quot;bottom&quot;:&quot;&quot;,&quot;left&quot;:&quot;&quot;,&quot;isLinked&quot;:true},&quot;element_pack_global_tooltip_border_radius_tablet&quot;:{&quot;unit&quot;:&quot;px&quot;,&quot;top&quot;:&quot;&quot;,&quot;right&quot;:&quot;&quot;,&quot;bottom&quot;:&quot;&quot;,&quot;left&quot;:&quot;&quot;,&quot;isLinked&quot;:true},&quot;element_pack_global_tooltip_border_radius_mobile&quot;:{&quot;unit&quot;:&quot;px&quot;,&quot;top&quot;:&quot;&quot;,&quot;right&quot;:&quot;&quot;,&quot;bottom&quot;:&quot;&quot;,&quot;left&quot;:&quot;&quot;,&quot;isLinked&quot;:true}}\" data-elementor-post-type=\"page\">\n\t\t\t\t\t\t<section data-particle_enable=\"false\" data-particle-mobile-disabled=\"false\" class=\"elementor-section elementor-top-section elementor-element elementor-element-0cc6e34 elementor-section-stretched elementor-section-boxed elementor-section-height-default elementor-section-height-default\" data-id=\"0cc6e34\" data-element_type=\"section\" data-settings=\"{&quot;stretch_section&quot;:&quot;section-stretched&quot;,&quot;background_background&quot;:&quot;classic&quot;}\">\n\t\t\t\t\t\t<div class=\"elementor-container elementor-column-gap-wider\">\n\t\t\t\t\t<div class=\"elementor-column elementor-col-100 elementor-top-column elementor-element elementor-element-363372f\" data-id=\"363372f\" data-element_type=\"column\">\n\t\t\t<div class=\"elementor-widget-wrap elementor-element-populated\">\n\t\t\t\t\t\t<section data-particle_enable=\"false\" data-particle-mobile-disabled=\"false\" class=\"elementor-section elementor-inner-section elementor-element elementor-element-05f7297 elementor-section-boxed elementor-section-height-default elementor-section-height-default\" data-id=\"05f7297\" data-element_type=\"section\">\n\t\t\t\t\t\t<div class=\"elementor-container elementor-column-gap-default\">\n\t\t\t\t\t<div class=\"elementor-column elementor-col-100 elementor-inner-column elementor-element elementor-element-4302071\" data-id=\"4302071\" data-element_type=\"column\">\n\t\t\t<div class=\"elementor-widget-wrap elementor-element-populated\">\n\t\t\t\t\t\t<div class=\"elementor-element elementor-element-242c3cb elementor-widget elementor-widget-text-editor\" data-id=\"242c3cb\" data-element_type=\"widget\" data-widget_type=\"text-editor.default\">\n\t\t\t\t<div class=\"elementor-widget-container\">\n\t\t\t\t\t\t\t\t\t<h6>YRITYKSEST\u00c4<\/h6>\t\t\t\t\t\t\t\t<\/div>\n\t\t\t\t<\/div>\n\t\t\t\t<div class=\"elementor-element elementor-element-28bbf70 elementor-widget elementor-widget-text-editor\" data-id=\"28bbf70\" data-element_type=\"widget\" data-widget_type=\"text-editor.default\">\n\t\t\t\t<div class=\"elementor-widget-container\">\n\t\t\t\t\t\t\t\t\t<h4 class=\"my-0\">Yrityksemme on valmistanut ja myynyt polttopuita ja takkapuita vuodesta 2000 l\u00e4htien. Laaja kokemuksemme takaa parhaan tuotteen ja laadun, jonka markkinoilta voi l\u00f6yt\u00e4\u00e4. Koska suurimman osan tuotannostamme viet\u00e4mme Skandinavian maihin, tuotteemme t\u00e4ytt\u00e4v\u00e4t Norjan polttopuun standardit. Tuotannossamme on viisi sertifioitua l\u00e4mp\u00f6k\u00e4sitelty\u00e4 puukuivaajaa. Yritys on ollut <strong><a href=\"https:\/\/portaal.agri.ee\/avalik\/#\/taimetervis\">kasvitautirekisteriss\u00e4<\/a> <\/strong>numerolla 4302 l\u00e4htien 17.10.2016.<\/h4>\n<h4 class=\"my-0\">Suurimman osan raaka-aineistamme ostamme Riigimetsa Majandamise Keskukselta, jolla on vastuullisesti hoidetuista metsist\u00e4 per\u00e4isin olevan puun toimitusketjun PEFC-sertifikaatti sek\u00e4 kest\u00e4v\u00e4n mets\u00e4nhoidon FSC\u00ae-sertifikaatti. Lis\u00e4ksi ostamme raaka-ainetta yhteisty\u00f6kumppaneilta ja jalostamme n\u00e4in mets\u00e4materiaalia. Koska harjoitamme my\u00f6s aktiivisesti nuorten metsien hankintaa, istutusta ja hoitoa, saamme osan tuotteidemme valmistukseen tarvittavasta puusta omien metsien hoitokaukoista.<\/h4>\t\t\t\t\t\t\t\t<\/div>\n\t\t\t\t<\/div>\n\t\t\t\t<div class=\"elementor-element elementor-element-04df16a elementor-widget elementor-widget-image\" data-id=\"04df16a\" data-element_type=\"widget\" data-widget_type=\"image.default\">\n\t\t\t\t<div class=\"elementor-widget-container\">\n\t\t\t\t\t\t\t\t\t\t\t\t\t\t\t<img decoding=\"async\" src=\"https:\/\/balticfirewood.ee\/wp-content\/uploads\/2021\/05\/cottage3-about-pic1.png\" title=\"\" alt=\"\" loading=\"lazy\" \/>\t\t\t\t\t\t\t\t\t\t\t\t\t\t\t<\/div>\n\t\t\t\t<\/div>\n\t\t\t\t\t<\/div>\n\t\t<\/div>\n\t\t\t\t\t<\/div>\n\t\t<\/section>\n\t\t\t\t\t<\/div>\n\t\t<\/div>\n\t\t\t\t\t<\/div>\n\t\t<\/section>\n\t\t\t\t<section data-particle_enable=\"false\" data-particle-mobile-disabled=\"false\" class=\"elementor-section elementor-top-section elementor-element elementor-element-0af58aa elementor-section-stretched elementor-section-boxed elementor-section-height-default elementor-section-height-default\" data-id=\"0af58aa\" data-element_type=\"section\" data-settings=\"{&quot;stretch_section&quot;:&quot;section-stretched&quot;,&quot;background_background&quot;:&quot;classic&quot;}\">\n\t\t\t\t\t\t<div class=\"elementor-container elementor-column-gap-wider\">\n\t\t\t\t\t<div class=\"elementor-column elementor-col-100 elementor-top-column elementor-element elementor-element-8bcdc28\" data-id=\"8bcdc28\" data-element_type=\"column\">\n\t\t\t<div class=\"elementor-widget-wrap elementor-element-populated\">\n\t\t\t\t\t\t<section data-particle_enable=\"false\" data-particle-mobile-disabled=\"false\" class=\"elementor-section elementor-inner-section elementor-element elementor-element-cf81abd elementor-section-boxed elementor-section-height-default elementor-section-height-default\" data-id=\"cf81abd\" data-element_type=\"section\">\n\t\t\t\t\t\t<div class=\"elementor-container elementor-column-gap-default\">\n\t\t\t\t\t<div class=\"elementor-column elementor-col-100 elementor-inner-column elementor-element elementor-element-fcfc96a\" data-id=\"fcfc96a\" data-element_type=\"column\">\n\t\t\t<div class=\"elementor-widget-wrap elementor-element-populated\">\n\t\t\t\t\t\t<div class=\"elementor-element elementor-element-4a5e1ad elementor-widget elementor-widget-spacer\" data-id=\"4a5e1ad\" data-element_type=\"widget\" data-widget_type=\"spacer.default\">\n\t\t\t\t<div class=\"elementor-widget-container\">\n\t\t\t\t\t\t\t<div class=\"elementor-spacer\">\n\t\t\t<div class=\"elementor-spacer-inner\"><\/div>\n\t\t<\/div>\n\t\t\t\t\t\t<\/div>\n\t\t\t\t<\/div>\n\t\t\t\t\t<\/div>\n\t\t<\/div>\n\t\t\t\t\t<\/div>\n\t\t<\/section>\n\t\t\t\t\t<\/div>\n\t\t<\/div>\n\t\t\t\t\t<\/div>\n\t\t<\/section>\n\t\t\t\t<section data-particle_enable=\"false\" data-particle-mobile-disabled=\"false\" class=\"elementor-section elementor-top-section elementor-element elementor-element-d0f6aa5 elementor-section-stretched elementor-section-boxed elementor-section-height-default elementor-section-height-default\" data-id=\"d0f6aa5\" data-element_type=\"section\" data-settings=\"{&quot;stretch_section&quot;:&quot;section-stretched&quot;}\">\n\t\t\t\t\t\t<div class=\"elementor-container elementor-column-gap-wider\">\n\t\t\t\t\t<div class=\"elementor-column elementor-col-100 elementor-top-column elementor-element elementor-element-d2c7934\" data-id=\"d2c7934\" data-element_type=\"column\">\n\t\t\t<div class=\"elementor-widget-wrap elementor-element-populated\">\n\t\t\t\t\t\t<section data-particle_enable=\"false\" data-particle-mobile-disabled=\"false\" class=\"elementor-section elementor-inner-section elementor-element elementor-element-755ec8a elementor-section-boxed elementor-section-height-default elementor-section-height-default\" data-id=\"755ec8a\" data-element_type=\"section\">\n\t\t\t\t\t\t<div class=\"elementor-container elementor-column-gap-default\">\n\t\t\t\t\t<div class=\"elementor-column elementor-col-100 elementor-inner-column elementor-element elementor-element-c90166e\" data-id=\"c90166e\" data-element_type=\"column\">\n\t\t\t<div class=\"elementor-widget-wrap elementor-element-populated\">\n\t\t\t\t\t\t<div class=\"elementor-element elementor-element-41d1815 elementor-widget elementor-widget-text-editor\" data-id=\"41d1815\" data-element_type=\"widget\" data-widget_type=\"text-editor.default\">\n\t\t\t\t<div class=\"elementor-widget-container\">\n\t\t\t\t\t\t\t\t\t<h6>YRITYKSEST\u00c4<\/h6>\t\t\t\t\t\t\t\t<\/div>\n\t\t\t\t<\/div>\n\t\t\t\t<div class=\"elementor-element elementor-element-00fc7bf elementor-widget elementor-widget-text-editor\" data-id=\"00fc7bf\" data-element_type=\"widget\" data-widget_type=\"text-editor.default\">\n\t\t\t\t<div class=\"elementor-widget-container\">\n\t\t\t\t\t\t\t\t\t<h4 style=\"font-weight: 400; text-align: center;\">Kuivauksen vaatima l\u00e4mp\u00f6 tuotetaan kokonaisuudessaan omasta kattilalaitoksestamme, jossa k\u00e4yt\u00e4mme polttoaineena kaminapuiden valmistuksesta syntyvi\u00e4 puuj\u00e4tteit\u00e4 hakkeena. Vuodesta 2022 alkaen s\u00e4hk\u00f6ntuotantomme perustuu omaan 200 kW:n aurinkovoimalaamme. Hy\u00f6dynn\u00e4mme siis kaikki tuotantoprosessissa syntyv\u00e4t puuj\u00e4tteet ja k\u00e4yt\u00e4mme uusiutuvaa energiaa, mik\u00e4 osoittaa vastuullisuuttamme luontoa kohtaan. Metsien istutuksella ja hoidolla varmistamme arvon siirtymisen tuleville sukupolville.<\/h4>\t\t\t\t\t\t\t\t<\/div>\n\t\t\t\t<\/div>\n\t\t\t\t\t<\/div>\n\t\t<\/div>\n\t\t\t\t\t<\/div>\n\t\t<\/section>\n\t\t\t\t\t<\/div>\n\t\t<\/div>\n\t\t\t\t\t<\/div>\n\t\t<\/section>\n\t\t<div data-particle_enable=\"false\" data-particle-mobile-disabled=\"false\" class=\"elementor-element elementor-element-d971c89 e-flex e-con-boxed e-con e-parent\" data-id=\"d971c89\" data-element_type=\"container\">\n\t\t\t\t\t<div class=\"e-con-inner\">\n\t\t\t\t<div class=\"elementor-element elementor-element-37c1c30 elementor-fixed elementor-widget elementor-widget-image\" data-id=\"37c1c30\" data-element_type=\"widget\" data-settings=\"{&quot;_position&quot;:&quot;fixed&quot;}\" data-widget_type=\"image.default\">\n\t\t\t\t<div class=\"elementor-widget-container\">\n\t\t\t\t\t\t\t\t\t\t\t\t\t\t\t<img fetchpriority=\"high\" decoding=\"async\" width=\"774\" height=\"845\" src=\"https:\/\/sanlainfirewood.ee\/wp-content\/uploads\/2025\/01\/05935191-8a57-4cf6-837f-ba74e6f9787e-2.png\" class=\"attachment-large size-large wp-image-2536\" alt=\"\" srcset=\"https:\/\/sanlainfirewood.ee\/wp-content\/uploads\/2025\/01\/05935191-8a57-4cf6-837f-ba74e6f9787e-2.png 774w, https:\/\/sanlainfirewood.ee\/wp-content\/uploads\/2025\/01\/05935191-8a57-4cf6-837f-ba74e6f9787e-2-458x500.png 458w, https:\/\/sanlainfirewood.ee\/wp-content\/uploads\/2025\/01\/05935191-8a57-4cf6-837f-ba74e6f9787e-2-275x300.png 275w, https:\/\/sanlainfirewood.ee\/wp-content\/uploads\/2025\/01\/05935191-8a57-4cf6-837f-ba74e6f9787e-2-768x838.png 768w, https:\/\/sanlainfirewood.ee\/wp-content\/uploads\/2025\/01\/05935191-8a57-4cf6-837f-ba74e6f9787e-2-69x75.png 69w, https:\/\/sanlainfirewood.ee\/wp-content\/uploads\/2025\/01\/05935191-8a57-4cf6-837f-ba74e6f9787e-2-480x524.png 480w\" sizes=\"(max-width:767px) 480px, (max-width:774px) 100vw, 774px\" \/>\t\t\t\t\t\t\t\t\t\t\t\t\t\t\t<\/div>\n\t\t\t\t<\/div>\n\t\t\t\t\t<\/div>\n\t\t\t\t<\/div>\n\t\t\t\t<\/div>\n\t\t","protected":false},"excerpt":{"rendered":"<p>YRITYKSEST\u00c4 Yrityksemme on valmistanut ja myynyt polttopuita ja takkapuita vuodesta 2000 l\u00e4htien. Laaja kokemuksemme takaa parhaan tuotteen ja laadun, jonka markkinoilta voi l\u00f6yt\u00e4\u00e4. Koska suurimman osan<span class=\"excerpt-hellip\"> [\u2026]<\/span><\/p>\n","protected":false},"author":1,"featured_media":704,"parent":0,"menu_order":0,"comment_status":"open","ping_status":"closed","template":"","meta":{"footnotes":""},"class_list":["post-2844","page","type-page","status-publish","has-post-thumbnail","hentry"],"yoast_head":"<!-- This site is optimized with the Yoast SEO Premium plugin v23.0 (Yoast SEO v27.4) - https:\/\/yoast.com\/product\/yoast-seo-premium-wordpress\/ -->\n<title>Yrityksest\u00e4 - Sanlain Firewood<\/title>\n<meta name=\"description\" content=\"Korkealaatuista kuivaa polttopuuta. Yrityksemme on valmistanut ja myynyt poltto- ja takkapuita vuodesta 2000 l\u00e4htien.\" \/>\n<meta name=\"robots\" content=\"index, follow, max-snippet:-1, max-image-preview:large, max-video-preview:-1\" \/>\n<link rel=\"canonical\" href=\"https:\/\/sanlainfirewood.ee\/fi\/yrityksesta\/\" \/>\n<meta property=\"og:locale\" content=\"fi_FI\" \/>\n<meta property=\"og:type\" content=\"article\" \/>\n<meta property=\"og:title\" content=\"Yrityksest\u00e4\" \/>\n<meta property=\"og:description\" content=\"Korkealaatuista kuivaa polttopuuta. Yrityksemme on valmistanut ja myynyt poltto- ja takkapuita vuodesta 2000 l\u00e4htien.\" \/>\n<meta property=\"og:url\" content=\"https:\/\/sanlainfirewood.ee\/fi\/yrityksesta\/\" \/>\n<meta property=\"og:site_name\" content=\"Sanlain Firewood\" \/>\n<meta property=\"article:modified_time\" content=\"2025-07-03T12:35:59+00:00\" \/>\n<meta property=\"og:image\" content=\"https:\/\/sanlainfirewood.ee\/wp-content\/uploads\/2024\/07\/Kasumetsa-panoraam6-scaled.jpg\" \/>\n\t<meta property=\"og:image:width\" content=\"2560\" \/>\n\t<meta property=\"og:image:height\" content=\"906\" \/>\n\t<meta property=\"og:image:type\" content=\"image\/jpeg\" \/>\n<meta name=\"twitter:card\" content=\"summary_large_image\" \/>\n<meta name=\"twitter:label1\" content=\"Arvioitu lukuaika\" \/>\n\t<meta name=\"twitter:data1\" content=\"2 minuuttia\" \/>\n<script type=\"application\/ld+json\" class=\"yoast-schema-graph\">{\"@context\":\"https:\\\/\\\/schema.org\",\"@graph\":[{\"@type\":\"WebPage\",\"@id\":\"https:\\\/\\\/sanlainfirewood.ee\\\/fi\\\/yrityksesta\\\/\",\"url\":\"https:\\\/\\\/sanlainfirewood.ee\\\/fi\\\/yrityksesta\\\/\",\"name\":\"Yrityksest\u00e4 - Sanlain Firewood\",\"isPartOf\":{\"@id\":\"https:\\\/\\\/sanlainfirewood.ee\\\/#website\"},\"primaryImageOfPage\":{\"@id\":\"https:\\\/\\\/sanlainfirewood.ee\\\/fi\\\/yrityksesta\\\/#primaryimage\"},\"image\":{\"@id\":\"https:\\\/\\\/sanlainfirewood.ee\\\/fi\\\/yrityksesta\\\/#primaryimage\"},\"thumbnailUrl\":\"https:\\\/\\\/sanlainfirewood.ee\\\/wp-content\\\/uploads\\\/2024\\\/07\\\/Kasumetsa-panoraam6-scaled.jpg\",\"datePublished\":\"2024-07-12T07:19:00+00:00\",\"dateModified\":\"2025-07-03T12:35:59+00:00\",\"description\":\"Korkealaatuista kuivaa polttopuuta. Yrityksemme on valmistanut ja myynyt poltto- ja takkapuita vuodesta 2000 l\u00e4htien.\",\"breadcrumb\":{\"@id\":\"https:\\\/\\\/sanlainfirewood.ee\\\/fi\\\/yrityksesta\\\/#breadcrumb\"},\"inLanguage\":\"fi\",\"potentialAction\":[{\"@type\":\"ReadAction\",\"target\":[\"https:\\\/\\\/sanlainfirewood.ee\\\/fi\\\/yrityksesta\\\/\"]}]},{\"@type\":\"ImageObject\",\"inLanguage\":\"fi\",\"@id\":\"https:\\\/\\\/sanlainfirewood.ee\\\/fi\\\/yrityksesta\\\/#primaryimage\",\"url\":\"https:\\\/\\\/sanlainfirewood.ee\\\/wp-content\\\/uploads\\\/2024\\\/07\\\/Kasumetsa-panoraam6-scaled.jpg\",\"contentUrl\":\"https:\\\/\\\/sanlainfirewood.ee\\\/wp-content\\\/uploads\\\/2024\\\/07\\\/Kasumetsa-panoraam6-scaled.jpg\",\"width\":2560,\"height\":906,\"caption\":\"sanlain\"},{\"@type\":\"BreadcrumbList\",\"@id\":\"https:\\\/\\\/sanlainfirewood.ee\\\/fi\\\/yrityksesta\\\/#breadcrumb\",\"itemListElement\":[{\"@type\":\"ListItem\",\"position\":1,\"name\":\"Home\",\"item\":\"https:\\\/\\\/sanlainfirewood.ee\\\/fi\\\/\"},{\"@type\":\"ListItem\",\"position\":2,\"name\":\"Yrityksest\u00e4\"}]},{\"@type\":\"WebSite\",\"@id\":\"https:\\\/\\\/sanlainfirewood.ee\\\/#website\",\"url\":\"https:\\\/\\\/sanlainfirewood.ee\\\/\",\"name\":\"Sanlain Firewood\",\"description\":\"\",\"publisher\":{\"@id\":\"https:\\\/\\\/sanlainfirewood.ee\\\/#organization\"},\"potentialAction\":[{\"@type\":\"SearchAction\",\"target\":{\"@type\":\"EntryPoint\",\"urlTemplate\":\"https:\\\/\\\/sanlainfirewood.ee\\\/?s={search_term_string}\"},\"query-input\":{\"@type\":\"PropertyValueSpecification\",\"valueRequired\":true,\"valueName\":\"search_term_string\"}}],\"inLanguage\":\"fi\"},{\"@type\":\"Organization\",\"@id\":\"https:\\\/\\\/sanlainfirewood.ee\\\/#organization\",\"name\":\"Sanlain Firewood\",\"url\":\"https:\\\/\\\/sanlainfirewood.ee\\\/\",\"logo\":{\"@type\":\"ImageObject\",\"inLanguage\":\"fi\",\"@id\":\"https:\\\/\\\/sanlainfirewood.ee\\\/#\\\/schema\\\/logo\\\/image\\\/\",\"url\":\"https:\\\/\\\/sanlainfirewood.ee\\\/wp-content\\\/uploads\\\/2024\\\/07\\\/sanlain-logo.png\",\"contentUrl\":\"https:\\\/\\\/sanlainfirewood.ee\\\/wp-content\\\/uploads\\\/2024\\\/07\\\/sanlain-logo.png\",\"width\":412,\"height\":357,\"caption\":\"Sanlain Firewood\"},\"image\":{\"@id\":\"https:\\\/\\\/sanlainfirewood.ee\\\/#\\\/schema\\\/logo\\\/image\\\/\"}}]}<\/script>\n<!-- \/ Yoast SEO Premium plugin. -->","yoast_head_json":{"title":"Yrityksest\u00e4 - Sanlain Firewood","description":"Korkealaatuista kuivaa polttopuuta. Yrityksemme on valmistanut ja myynyt poltto- ja takkapuita vuodesta 2000 l\u00e4htien.","robots":{"index":"index","follow":"follow","max-snippet":"max-snippet:-1","max-image-preview":"max-image-preview:large","max-video-preview":"max-video-preview:-1"},"canonical":"https:\/\/sanlainfirewood.ee\/fi\/yrityksesta\/","og_locale":"fi_FI","og_type":"article","og_title":"Yrityksest\u00e4","og_description":"Korkealaatuista kuivaa polttopuuta. Yrityksemme on valmistanut ja myynyt poltto- ja takkapuita vuodesta 2000 l\u00e4htien.","og_url":"https:\/\/sanlainfirewood.ee\/fi\/yrityksesta\/","og_site_name":"Sanlain Firewood","article_modified_time":"2025-07-03T12:35:59+00:00","og_image":[{"width":2560,"height":906,"url":"https:\/\/sanlainfirewood.ee\/wp-content\/uploads\/2024\/07\/Kasumetsa-panoraam6-scaled.jpg","type":"image\/jpeg"}],"twitter_card":"summary_large_image","twitter_misc":{"Arvioitu lukuaika":"2 minuuttia"},"schema":{"@context":"https:\/\/schema.org","@graph":[{"@type":"WebPage","@id":"https:\/\/sanlainfirewood.ee\/fi\/yrityksesta\/","url":"https:\/\/sanlainfirewood.ee\/fi\/yrityksesta\/","name":"Yrityksest\u00e4 - Sanlain Firewood","isPartOf":{"@id":"https:\/\/sanlainfirewood.ee\/#website"},"primaryImageOfPage":{"@id":"https:\/\/sanlainfirewood.ee\/fi\/yrityksesta\/#primaryimage"},"image":{"@id":"https:\/\/sanlainfirewood.ee\/fi\/yrityksesta\/#primaryimage"},"thumbnailUrl":"https:\/\/sanlainfirewood.ee\/wp-content\/uploads\/2024\/07\/Kasumetsa-panoraam6-scaled.jpg","datePublished":"2024-07-12T07:19:00+00:00","dateModified":"2025-07-03T12:35:59+00:00","description":"Korkealaatuista kuivaa polttopuuta. Yrityksemme on valmistanut ja myynyt poltto- ja takkapuita vuodesta 2000 l\u00e4htien.","breadcrumb":{"@id":"https:\/\/sanlainfirewood.ee\/fi\/yrityksesta\/#breadcrumb"},"inLanguage":"fi","potentialAction":[{"@type":"ReadAction","target":["https:\/\/sanlainfirewood.ee\/fi\/yrityksesta\/"]}]},{"@type":"ImageObject","inLanguage":"fi","@id":"https:\/\/sanlainfirewood.ee\/fi\/yrityksesta\/#primaryimage","url":"https:\/\/sanlainfirewood.ee\/wp-content\/uploads\/2024\/07\/Kasumetsa-panoraam6-scaled.jpg","contentUrl":"https:\/\/sanlainfirewood.ee\/wp-content\/uploads\/2024\/07\/Kasumetsa-panoraam6-scaled.jpg","width":2560,"height":906,"caption":"sanlain"},{"@type":"BreadcrumbList","@id":"https:\/\/sanlainfirewood.ee\/fi\/yrityksesta\/#breadcrumb","itemListElement":[{"@type":"ListItem","position":1,"name":"Home","item":"https:\/\/sanlainfirewood.ee\/fi\/"},{"@type":"ListItem","position":2,"name":"Yrityksest\u00e4"}]},{"@type":"WebSite","@id":"https:\/\/sanlainfirewood.ee\/#website","url":"https:\/\/sanlainfirewood.ee\/","name":"Sanlain Firewood","description":"","publisher":{"@id":"https:\/\/sanlainfirewood.ee\/#organization"},"potentialAction":[{"@type":"SearchAction","target":{"@type":"EntryPoint","urlTemplate":"https:\/\/sanlainfirewood.ee\/?s={search_term_string}"},"query-input":{"@type":"PropertyValueSpecification","valueRequired":true,"valueName":"search_term_string"}}],"inLanguage":"fi"},{"@type":"Organization","@id":"https:\/\/sanlainfirewood.ee\/#organization","name":"Sanlain Firewood","url":"https:\/\/sanlainfirewood.ee\/","logo":{"@type":"ImageObject","inLanguage":"fi","@id":"https:\/\/sanlainfirewood.ee\/#\/schema\/logo\/image\/","url":"https:\/\/sanlainfirewood.ee\/wp-content\/uploads\/2024\/07\/sanlain-logo.png","contentUrl":"https:\/\/sanlainfirewood.ee\/wp-content\/uploads\/2024\/07\/sanlain-logo.png","width":412,"height":357,"caption":"Sanlain Firewood"},"image":{"@id":"https:\/\/sanlainfirewood.ee\/#\/schema\/logo\/image\/"}}]}},"_links":{"self":[{"href":"https:\/\/sanlainfirewood.ee\/fi\/wp-json\/wp\/v2\/pages\/2844","targetHints":{"allow":["GET"]}}],"collection":[{"href":"https:\/\/sanlainfirewood.ee\/fi\/wp-json\/wp\/v2\/pages"}],"about":[{"href":"https:\/\/sanlainfirewood.ee\/fi\/wp-json\/wp\/v2\/types\/page"}],"author":[{"embeddable":true,"href":"https:\/\/sanlainfirewood.ee\/fi\/wp-json\/wp\/v2\/users\/1"}],"replies":[{"embeddable":true,"href":"https:\/\/sanlainfirewood.ee\/fi\/wp-json\/wp\/v2\/comments?post=2844"}],"version-history":[{"count":11,"href":"https:\/\/sanlainfirewood.ee\/fi\/wp-json\/wp\/v2\/pages\/2844\/revisions"}],"predecessor-version":[{"id":2858,"href":"https:\/\/sanlainfirewood.ee\/fi\/wp-json\/wp\/v2\/pages\/2844\/revisions\/2858"}],"wp:featuredmedia":[{"embeddable":true,"href":"https:\/\/sanlainfirewood.ee\/fi\/wp-json\/wp\/v2\/media\/704"}],"wp:attachment":[{"href":"https:\/\/sanlainfirewood.ee\/fi\/wp-json\/wp\/v2\/media?parent=2844"}],"curies":[{"name":"wp","href":"https:\/\/api.w.org\/{rel}","templated":true}]}}