{"id":2876,"date":"2024-07-30T07:14:00","date_gmt":"2024-07-30T07:14:00","guid":{"rendered":"https:\/\/sanlainfirewood.ee\/vienti\/"},"modified":"2025-07-04T14:45:19","modified_gmt":"2025-07-04T14:45:19","slug":"vienti","status":"publish","type":"page","link":"https:\/\/sanlainfirewood.ee\/fi\/vienti\/","title":{"rendered":"Vienti"},"content":{"rendered":"\t\t<div data-elementor-type=\"wp-page\" data-elementor-id=\"2876\" class=\"elementor elementor-2876\" data-elementor-settings=\"{&quot;element_pack_global_tooltip_width&quot;:{&quot;unit&quot;:&quot;px&quot;,&quot;size&quot;:&quot;&quot;,&quot;sizes&quot;:[]},&quot;element_pack_global_tooltip_width_tablet&quot;:{&quot;unit&quot;:&quot;px&quot;,&quot;size&quot;:&quot;&quot;,&quot;sizes&quot;:[]},&quot;element_pack_global_tooltip_width_mobile&quot;:{&quot;unit&quot;:&quot;px&quot;,&quot;size&quot;:&quot;&quot;,&quot;sizes&quot;:[]},&quot;element_pack_global_tooltip_padding&quot;:{&quot;unit&quot;:&quot;px&quot;,&quot;top&quot;:&quot;&quot;,&quot;right&quot;:&quot;&quot;,&quot;bottom&quot;:&quot;&quot;,&quot;left&quot;:&quot;&quot;,&quot;isLinked&quot;:true},&quot;element_pack_global_tooltip_padding_tablet&quot;:{&quot;unit&quot;:&quot;px&quot;,&quot;top&quot;:&quot;&quot;,&quot;right&quot;:&quot;&quot;,&quot;bottom&quot;:&quot;&quot;,&quot;left&quot;:&quot;&quot;,&quot;isLinked&quot;:true},&quot;element_pack_global_tooltip_padding_mobile&quot;:{&quot;unit&quot;:&quot;px&quot;,&quot;top&quot;:&quot;&quot;,&quot;right&quot;:&quot;&quot;,&quot;bottom&quot;:&quot;&quot;,&quot;left&quot;:&quot;&quot;,&quot;isLinked&quot;:true},&quot;element_pack_global_tooltip_border_radius&quot;:{&quot;unit&quot;:&quot;px&quot;,&quot;top&quot;:&quot;&quot;,&quot;right&quot;:&quot;&quot;,&quot;bottom&quot;:&quot;&quot;,&quot;left&quot;:&quot;&quot;,&quot;isLinked&quot;:true},&quot;element_pack_global_tooltip_border_radius_tablet&quot;:{&quot;unit&quot;:&quot;px&quot;,&quot;top&quot;:&quot;&quot;,&quot;right&quot;:&quot;&quot;,&quot;bottom&quot;:&quot;&quot;,&quot;left&quot;:&quot;&quot;,&quot;isLinked&quot;:true},&quot;element_pack_global_tooltip_border_radius_mobile&quot;:{&quot;unit&quot;:&quot;px&quot;,&quot;top&quot;:&quot;&quot;,&quot;right&quot;:&quot;&quot;,&quot;bottom&quot;:&quot;&quot;,&quot;left&quot;:&quot;&quot;,&quot;isLinked&quot;:true}}\" data-elementor-post-type=\"page\">\n\t\t\t\t<div data-particle_enable=\"false\" data-particle-mobile-disabled=\"false\" class=\"elementor-element elementor-element-2d6e6e3 e-flex e-con-boxed e-con e-parent\" data-id=\"2d6e6e3\" data-element_type=\"container\">\n\t\t\t\t\t<div class=\"e-con-inner\">\n\t\t<div data-particle_enable=\"false\" data-particle-mobile-disabled=\"false\" class=\"elementor-element elementor-element-4d2755e e-flex e-con-boxed e-con e-child\" data-id=\"4d2755e\" data-element_type=\"container\">\n\t\t\t\t\t<div class=\"e-con-inner\">\n\t\t\t\t<div class=\"elementor-element elementor-element-7e89ae6 elementor-widget elementor-widget-text-editor\" data-id=\"7e89ae6\" data-element_type=\"widget\" data-widget_type=\"text-editor.default\">\n\t\t\t\t<div class=\"elementor-widget-container\">\n\t\t\t\t\t\t\t\t\t<h4 style=\"font-weight: 400; text-align: center;\">Tarjoamme koivu- ja lepp\u00e4polttopuita, jotka on pilkottu, kuivattu ja pakattu tehtaallamme.<br \/>Puut on kuivattu sertifioidussa l\u00e4mp\u00f6k\u00e4sittelykuivaamossa, jolla on IPPCE EE-4302 HT -merkint\u00e4. Halkojen kosteusprosentti on alle 18%. Polttopuut ovat pituudeltaan 29 cm (+\/- 1 cm) ja ne on pakattu joko 25 litran, 40 litran tai 60 litran UV-suojatuissa verkkopusseissa tai 25 litran pahvilaatikoihin.<\/h4>\t\t\t\t\t\t\t\t<\/div>\n\t\t\t\t<\/div>\n\t\t\t\t\t<\/div>\n\t\t\t\t<\/div>\n\t\t\t\t\t<\/div>\n\t\t\t\t<\/div>\n\t\t\t\t<section data-particle_enable=\"false\" data-particle-mobile-disabled=\"false\" class=\"elementor-section elementor-top-section elementor-element elementor-element-c154def elementor-section-stretched elementor-section-boxed elementor-section-height-default elementor-section-height-default\" data-id=\"c154def\" data-element_type=\"section\" data-settings=\"{&quot;stretch_section&quot;:&quot;section-stretched&quot;}\">\n\t\t\t\t\t\t<div class=\"elementor-container elementor-column-gap-wider\">\n\t\t\t\t\t<div class=\"elementor-column elementor-col-100 elementor-top-column elementor-element elementor-element-9398b00\" data-id=\"9398b00\" data-element_type=\"column\">\n\t\t\t<div class=\"elementor-widget-wrap elementor-element-populated\">\n\t\t\t\t\t\t<section data-particle_enable=\"false\" data-particle-mobile-disabled=\"false\" class=\"elementor-section elementor-inner-section elementor-element elementor-element-59fba6b elementor-section-boxed elementor-section-height-default elementor-section-height-default\" data-id=\"59fba6b\" data-element_type=\"section\">\n\t\t\t\t\t\t<div class=\"elementor-container elementor-column-gap-default\">\n\t\t\t\t\t<div class=\"elementor-column elementor-col-50 elementor-inner-column elementor-element elementor-element-cd151bd\" data-id=\"cd151bd\" data-element_type=\"column\">\n\t\t\t<div class=\"elementor-widget-wrap elementor-element-populated\">\n\t\t\t\t\t\t<div class=\"elementor-element elementor-element-787103e elementor-widget elementor-widget-heading\" data-id=\"787103e\" data-element_type=\"widget\" data-widget_type=\"heading.default\">\n\t\t\t\t<div class=\"elementor-widget-container\">\n\t\t\t\t\t<h3 class=\"elementor-heading-title elementor-size-default\">KOIVU<\/h3>\t\t\t\t<\/div>\n\t\t\t\t<\/div>\n\t\t\t\t<div class=\"elementor-element elementor-element-f56b961 elementor-widget elementor-widget-image\" data-id=\"f56b961\" data-element_type=\"widget\" data-widget_type=\"image.default\">\n\t\t\t\t<div class=\"elementor-widget-container\">\n\t\t\t\t\t\t\t\t\t\t\t\t\t\t\t<img fetchpriority=\"high\" decoding=\"async\" width=\"1200\" height=\"667\" src=\"https:\/\/sanlainfirewood.ee\/wp-content\/uploads\/2024\/07\/kasepuud-1200x667.jpg\" class=\"attachment-large size-large wp-image-1110\" alt=\"kasepuud\" srcset=\"https:\/\/sanlainfirewood.ee\/wp-content\/uploads\/2024\/07\/kasepuud-1200x667.jpg 1200w, https:\/\/sanlainfirewood.ee\/wp-content\/uploads\/2024\/07\/kasepuud-800x445.jpg 800w, https:\/\/sanlainfirewood.ee\/wp-content\/uploads\/2024\/07\/kasepuud-500x278.jpg 500w, https:\/\/sanlainfirewood.ee\/wp-content\/uploads\/2024\/07\/kasepuud-300x167.jpg 300w, https:\/\/sanlainfirewood.ee\/wp-content\/uploads\/2024\/07\/kasepuud-768x427.jpg 768w, https:\/\/sanlainfirewood.ee\/wp-content\/uploads\/2024\/07\/kasepuud-135x75.jpg 135w, https:\/\/sanlainfirewood.ee\/wp-content\/uploads\/2024\/07\/kasepuud-480x267.jpg 480w, https:\/\/sanlainfirewood.ee\/wp-content\/uploads\/2024\/07\/kasepuud.jpg 1275w\" sizes=\"(max-width:767px) 480px, (max-width:1200px) 100vw, 1200px\" \/>\t\t\t\t\t\t\t\t\t\t\t\t\t\t\t<\/div>\n\t\t\t\t<\/div>\n\t\t\t\t<div class=\"elementor-element elementor-element-72addad elementor-widget elementor-widget-text-editor\" data-id=\"72addad\" data-element_type=\"widget\" data-widget_type=\"text-editor.default\">\n\t\t\t\t<div class=\"elementor-widget-container\">\n\t\t\t\t\t\t\t\t\t<h4>Kuivat koivun polttopuut<\/h4>\t\t\t\t\t\t\t\t<\/div>\n\t\t\t\t<\/div>\n\t\t\t\t<div class=\"elementor-element elementor-element-f770238 elementor-align-center elementor-widget elementor-widget-button\" data-id=\"f770238\" data-element_type=\"widget\" data-widget_type=\"button.default\">\n\t\t\t\t<div class=\"elementor-widget-container\">\n\t\t\t\t\t\t\t\t\t<div class=\"elementor-button-wrapper\">\n\t\t\t\t\t<a class=\"elementor-button elementor-button-link elementor-size-sm\" href=\"https:\/\/sanlainfirewood.ee\/fi\/vienti\/vienti-koivupuut\/\">\n\t\t\t\t\t\t<span class=\"elementor-button-content-wrapper\">\n\t\t\t\t\t\t\t\t\t<span class=\"elementor-button-text\">Katso tarkemmin...<\/span>\n\t\t\t\t\t<\/span>\n\t\t\t\t\t<\/a>\n\t\t\t\t<\/div>\n\t\t\t\t\t\t\t\t<\/div>\n\t\t\t\t<\/div>\n\t\t\t\t<div class=\"elementor-element elementor-element-35624b0 elementor-widget elementor-widget-spacer\" data-id=\"35624b0\" data-element_type=\"widget\" data-widget_type=\"spacer.default\">\n\t\t\t\t<div class=\"elementor-widget-container\">\n\t\t\t\t\t\t\t<div class=\"elementor-spacer\">\n\t\t\t<div class=\"elementor-spacer-inner\"><\/div>\n\t\t<\/div>\n\t\t\t\t\t\t<\/div>\n\t\t\t\t<\/div>\n\t\t\t\t\t<\/div>\n\t\t<\/div>\n\t\t\t\t<div class=\"elementor-column elementor-col-50 elementor-inner-column elementor-element elementor-element-1cad397\" data-id=\"1cad397\" data-element_type=\"column\">\n\t\t\t<div class=\"elementor-widget-wrap elementor-element-populated\">\n\t\t\t\t\t\t<div class=\"elementor-element elementor-element-8c39998 elementor-widget elementor-widget-heading\" data-id=\"8c39998\" data-element_type=\"widget\" data-widget_type=\"heading.default\">\n\t\t\t\t<div class=\"elementor-widget-container\">\n\t\t\t\t\t<h3 class=\"elementor-heading-title elementor-size-default\">LEPP\u00c4<\/h3>\t\t\t\t<\/div>\n\t\t\t\t<\/div>\n\t\t\t\t<div class=\"elementor-element elementor-element-6d0397d elementor-widget elementor-widget-image\" data-id=\"6d0397d\" data-element_type=\"widget\" data-widget_type=\"image.default\">\n\t\t\t\t<div class=\"elementor-widget-container\">\n\t\t\t\t\t\t\t\t\t\t\t\t\t\t\t<img decoding=\"async\" width=\"1200\" height=\"667\" src=\"https:\/\/sanlainfirewood.ee\/wp-content\/uploads\/2024\/07\/lepapuud-1200x667.jpg\" class=\"attachment-large size-large wp-image-1107\" alt=\"lepapuud\" srcset=\"https:\/\/sanlainfirewood.ee\/wp-content\/uploads\/2024\/07\/lepapuud-1200x667.jpg 1200w, https:\/\/sanlainfirewood.ee\/wp-content\/uploads\/2024\/07\/lepapuud-800x445.jpg 800w, https:\/\/sanlainfirewood.ee\/wp-content\/uploads\/2024\/07\/lepapuud-500x278.jpg 500w, https:\/\/sanlainfirewood.ee\/wp-content\/uploads\/2024\/07\/lepapuud-300x167.jpg 300w, https:\/\/sanlainfirewood.ee\/wp-content\/uploads\/2024\/07\/lepapuud-768x427.jpg 768w, https:\/\/sanlainfirewood.ee\/wp-content\/uploads\/2024\/07\/lepapuud-135x75.jpg 135w, https:\/\/sanlainfirewood.ee\/wp-content\/uploads\/2024\/07\/lepapuud-480x267.jpg 480w, https:\/\/sanlainfirewood.ee\/wp-content\/uploads\/2024\/07\/lepapuud.jpg 1275w\" sizes=\"(max-width:767px) 480px, (max-width:1200px) 100vw, 1200px\" \/>\t\t\t\t\t\t\t\t\t\t\t\t\t\t\t<\/div>\n\t\t\t\t<\/div>\n\t\t\t\t<div class=\"elementor-element elementor-element-143d449 elementor-widget elementor-widget-text-editor\" data-id=\"143d449\" data-element_type=\"widget\" data-widget_type=\"text-editor.default\">\n\t\t\t\t<div class=\"elementor-widget-container\">\n\t\t\t\t\t\t\t\t\t<h4>Kuivat lepp\u00e4polttopuut<\/h4>\t\t\t\t\t\t\t\t<\/div>\n\t\t\t\t<\/div>\n\t\t\t\t<div class=\"elementor-element elementor-element-263926e elementor-align-center elementor-widget elementor-widget-button\" data-id=\"263926e\" data-element_type=\"widget\" data-widget_type=\"button.default\">\n\t\t\t\t<div class=\"elementor-widget-container\">\n\t\t\t\t\t\t\t\t\t<div class=\"elementor-button-wrapper\">\n\t\t\t\t\t<a class=\"elementor-button elementor-button-link elementor-size-sm\" href=\"https:\/\/sanlainfirewood.ee\/fi\/vienti\/vienti-leppapuut\/\">\n\t\t\t\t\t\t<span class=\"elementor-button-content-wrapper\">\n\t\t\t\t\t\t\t\t\t<span class=\"elementor-button-text\">Katso tarkemmin...<\/span>\n\t\t\t\t\t<\/span>\n\t\t\t\t\t<\/a>\n\t\t\t\t<\/div>\n\t\t\t\t\t\t\t\t<\/div>\n\t\t\t\t<\/div>\n\t\t\t\t<div class=\"elementor-element elementor-element-b6ecb5f elementor-widget elementor-widget-spacer\" data-id=\"b6ecb5f\" data-element_type=\"widget\" data-widget_type=\"spacer.default\">\n\t\t\t\t<div class=\"elementor-widget-container\">\n\t\t\t\t\t\t\t<div class=\"elementor-spacer\">\n\t\t\t<div class=\"elementor-spacer-inner\"><\/div>\n\t\t<\/div>\n\t\t\t\t\t\t<\/div>\n\t\t\t\t<\/div>\n\t\t\t\t\t<\/div>\n\t\t<\/div>\n\t\t\t\t\t<\/div>\n\t\t<\/section>\n\t\t\t\t\t<\/div>\n\t\t<\/div>\n\t\t\t\t\t<\/div>\n\t\t<\/section>\n\t\t<div data-particle_enable=\"false\" data-particle-mobile-disabled=\"false\" class=\"elementor-element elementor-element-67d48dd e-flex e-con-boxed e-con e-parent\" data-id=\"67d48dd\" data-element_type=\"container\">\n\t\t\t\t\t<div class=\"e-con-inner\">\n\t\t\t\t<div class=\"elementor-element elementor-element-658f210 elementor-fixed elementor-widget elementor-widget-image\" data-id=\"658f210\" data-element_type=\"widget\" data-settings=\"{&quot;_position&quot;:&quot;fixed&quot;}\" data-widget_type=\"image.default\">\n\t\t\t\t<div class=\"elementor-widget-container\">\n\t\t\t\t\t\t\t\t\t\t\t\t\t\t\t<img decoding=\"async\" width=\"774\" height=\"845\" src=\"https:\/\/sanlainfirewood.ee\/wp-content\/uploads\/2025\/01\/05935191-8a57-4cf6-837f-ba74e6f9787e-2.png\" class=\"attachment-large size-large wp-image-2536\" alt=\"\" srcset=\"https:\/\/sanlainfirewood.ee\/wp-content\/uploads\/2025\/01\/05935191-8a57-4cf6-837f-ba74e6f9787e-2.png 774w, https:\/\/sanlainfirewood.ee\/wp-content\/uploads\/2025\/01\/05935191-8a57-4cf6-837f-ba74e6f9787e-2-458x500.png 458w, https:\/\/sanlainfirewood.ee\/wp-content\/uploads\/2025\/01\/05935191-8a57-4cf6-837f-ba74e6f9787e-2-275x300.png 275w, https:\/\/sanlainfirewood.ee\/wp-content\/uploads\/2025\/01\/05935191-8a57-4cf6-837f-ba74e6f9787e-2-768x838.png 768w, https:\/\/sanlainfirewood.ee\/wp-content\/uploads\/2025\/01\/05935191-8a57-4cf6-837f-ba74e6f9787e-2-69x75.png 69w, https:\/\/sanlainfirewood.ee\/wp-content\/uploads\/2025\/01\/05935191-8a57-4cf6-837f-ba74e6f9787e-2-480x524.png 480w\" sizes=\"(max-width:767px) 480px, (max-width:774px) 100vw, 774px\" \/>\t\t\t\t\t\t\t\t\t\t\t\t\t\t\t<\/div>\n\t\t\t\t<\/div>\n\t\t\t\t\t<\/div>\n\t\t\t\t<\/div>\n\t\t\t\t<\/div>\n\t\t","protected":false},"excerpt":{"rendered":"<p>Tarjoamme koivu- ja lepp\u00e4polttopuita, jotka on pilkottu, kuivattu ja pakattu tehtaallamme.Puut on kuivattu sertifioidussa l\u00e4mp\u00f6k\u00e4sittelykuivaamossa, jolla on IPPCE EE-4302 HT -merkint\u00e4. Halkojen kosteusprosentti on alle 18%.<span class=\"excerpt-hellip\"> [\u2026]<\/span><\/p>\n","protected":false},"author":1,"featured_media":1425,"parent":0,"menu_order":0,"comment_status":"open","ping_status":"closed","template":"","meta":{"footnotes":""},"class_list":["post-2876","page","type-page","status-publish","has-post-thumbnail","hentry"],"yoast_head":"<!-- This site is optimized with the Yoast SEO Premium plugin v23.0 (Yoast SEO v27.4) - https:\/\/yoast.com\/product\/yoast-seo-premium-wordpress\/ -->\n<title>Vienti - Sanlain Firewood<\/title>\n<meta name=\"description\" content=\"Tarjoamme koivu- ja lepp\u00e4takkapuita, jotka on pilkottu, kuivattu ja pakattu omassa tuotantolaitoksessamme. Tuotteet toimitetaan verkkopussissa tai pahvilaatikossa.\" \/>\n<meta name=\"robots\" content=\"index, follow, max-snippet:-1, max-image-preview:large, max-video-preview:-1\" \/>\n<link rel=\"canonical\" href=\"https:\/\/sanlainfirewood.ee\/fi\/vienti\/\" \/>\n<meta property=\"og:locale\" content=\"fi_FI\" \/>\n<meta property=\"og:type\" content=\"article\" \/>\n<meta property=\"og:title\" content=\"Vienti\" \/>\n<meta property=\"og:description\" content=\"Tarjoamme koivu- ja lepp\u00e4takkapuita, jotka on pilkottu, kuivattu ja pakattu omassa tuotantolaitoksessamme. Tuotteet toimitetaan verkkopussissa tai pahvilaatikossa.\" \/>\n<meta property=\"og:url\" content=\"https:\/\/sanlainfirewood.ee\/fi\/vienti\/\" \/>\n<meta property=\"og:site_name\" content=\"Sanlain Firewood\" \/>\n<meta property=\"article:modified_time\" content=\"2025-07-04T14:45:19+00:00\" \/>\n<meta property=\"og:image\" content=\"https:\/\/sanlainfirewood.ee\/wp-content\/uploads\/2024\/07\/tooted.jpg\" \/>\n\t<meta property=\"og:image:width\" content=\"1275\" \/>\n\t<meta property=\"og:image:height\" content=\"709\" \/>\n\t<meta property=\"og:image:type\" content=\"image\/jpeg\" \/>\n<meta name=\"twitter:card\" content=\"summary_large_image\" \/>\n<meta name=\"twitter:label1\" content=\"Arvioitu lukuaika\" \/>\n\t<meta name=\"twitter:data1\" content=\"1 minuutti\" \/>\n<script type=\"application\/ld+json\" class=\"yoast-schema-graph\">{\"@context\":\"https:\\\/\\\/schema.org\",\"@graph\":[{\"@type\":\"WebPage\",\"@id\":\"https:\\\/\\\/sanlainfirewood.ee\\\/fi\\\/vienti\\\/\",\"url\":\"https:\\\/\\\/sanlainfirewood.ee\\\/fi\\\/vienti\\\/\",\"name\":\"Vienti - Sanlain Firewood\",\"isPartOf\":{\"@id\":\"https:\\\/\\\/sanlainfirewood.ee\\\/#website\"},\"primaryImageOfPage\":{\"@id\":\"https:\\\/\\\/sanlainfirewood.ee\\\/fi\\\/vienti\\\/#primaryimage\"},\"image\":{\"@id\":\"https:\\\/\\\/sanlainfirewood.ee\\\/fi\\\/vienti\\\/#primaryimage\"},\"thumbnailUrl\":\"https:\\\/\\\/sanlainfirewood.ee\\\/wp-content\\\/uploads\\\/2024\\\/07\\\/tooted.jpg\",\"datePublished\":\"2024-07-30T07:14:00+00:00\",\"dateModified\":\"2025-07-04T14:45:19+00:00\",\"description\":\"Tarjoamme koivu- ja lepp\u00e4takkapuita, jotka on pilkottu, kuivattu ja pakattu omassa tuotantolaitoksessamme. Tuotteet toimitetaan verkkopussissa tai pahvilaatikossa.\",\"breadcrumb\":{\"@id\":\"https:\\\/\\\/sanlainfirewood.ee\\\/fi\\\/vienti\\\/#breadcrumb\"},\"inLanguage\":\"fi\",\"potentialAction\":[{\"@type\":\"ReadAction\",\"target\":[\"https:\\\/\\\/sanlainfirewood.ee\\\/fi\\\/vienti\\\/\"]}]},{\"@type\":\"ImageObject\",\"inLanguage\":\"fi\",\"@id\":\"https:\\\/\\\/sanlainfirewood.ee\\\/fi\\\/vienti\\\/#primaryimage\",\"url\":\"https:\\\/\\\/sanlainfirewood.ee\\\/wp-content\\\/uploads\\\/2024\\\/07\\\/tooted.jpg\",\"contentUrl\":\"https:\\\/\\\/sanlainfirewood.ee\\\/wp-content\\\/uploads\\\/2024\\\/07\\\/tooted.jpg\",\"width\":1275,\"height\":709,\"caption\":\"tooted\"},{\"@type\":\"BreadcrumbList\",\"@id\":\"https:\\\/\\\/sanlainfirewood.ee\\\/fi\\\/vienti\\\/#breadcrumb\",\"itemListElement\":[{\"@type\":\"ListItem\",\"position\":1,\"name\":\"Home\",\"item\":\"https:\\\/\\\/sanlainfirewood.ee\\\/fi\\\/\"},{\"@type\":\"ListItem\",\"position\":2,\"name\":\"Vienti\"}]},{\"@type\":\"WebSite\",\"@id\":\"https:\\\/\\\/sanlainfirewood.ee\\\/#website\",\"url\":\"https:\\\/\\\/sanlainfirewood.ee\\\/\",\"name\":\"Sanlain Firewood\",\"description\":\"\",\"publisher\":{\"@id\":\"https:\\\/\\\/sanlainfirewood.ee\\\/#organization\"},\"potentialAction\":[{\"@type\":\"SearchAction\",\"target\":{\"@type\":\"EntryPoint\",\"urlTemplate\":\"https:\\\/\\\/sanlainfirewood.ee\\\/?s={search_term_string}\"},\"query-input\":{\"@type\":\"PropertyValueSpecification\",\"valueRequired\":true,\"valueName\":\"search_term_string\"}}],\"inLanguage\":\"fi\"},{\"@type\":\"Organization\",\"@id\":\"https:\\\/\\\/sanlainfirewood.ee\\\/#organization\",\"name\":\"Sanlain Firewood\",\"url\":\"https:\\\/\\\/sanlainfirewood.ee\\\/\",\"logo\":{\"@type\":\"ImageObject\",\"inLanguage\":\"fi\",\"@id\":\"https:\\\/\\\/sanlainfirewood.ee\\\/#\\\/schema\\\/logo\\\/image\\\/\",\"url\":\"https:\\\/\\\/sanlainfirewood.ee\\\/wp-content\\\/uploads\\\/2024\\\/07\\\/sanlain-logo.png\",\"contentUrl\":\"https:\\\/\\\/sanlainfirewood.ee\\\/wp-content\\\/uploads\\\/2024\\\/07\\\/sanlain-logo.png\",\"width\":412,\"height\":357,\"caption\":\"Sanlain Firewood\"},\"image\":{\"@id\":\"https:\\\/\\\/sanlainfirewood.ee\\\/#\\\/schema\\\/logo\\\/image\\\/\"}}]}<\/script>\n<!-- \/ Yoast SEO Premium plugin. -->","yoast_head_json":{"title":"Vienti - Sanlain Firewood","description":"Tarjoamme koivu- ja lepp\u00e4takkapuita, jotka on pilkottu, kuivattu ja pakattu omassa tuotantolaitoksessamme. Tuotteet toimitetaan verkkopussissa tai pahvilaatikossa.","robots":{"index":"index","follow":"follow","max-snippet":"max-snippet:-1","max-image-preview":"max-image-preview:large","max-video-preview":"max-video-preview:-1"},"canonical":"https:\/\/sanlainfirewood.ee\/fi\/vienti\/","og_locale":"fi_FI","og_type":"article","og_title":"Vienti","og_description":"Tarjoamme koivu- ja lepp\u00e4takkapuita, jotka on pilkottu, kuivattu ja pakattu omassa tuotantolaitoksessamme. Tuotteet toimitetaan verkkopussissa tai pahvilaatikossa.","og_url":"https:\/\/sanlainfirewood.ee\/fi\/vienti\/","og_site_name":"Sanlain Firewood","article_modified_time":"2025-07-04T14:45:19+00:00","og_image":[{"width":1275,"height":709,"url":"https:\/\/sanlainfirewood.ee\/wp-content\/uploads\/2024\/07\/tooted.jpg","type":"image\/jpeg"}],"twitter_card":"summary_large_image","twitter_misc":{"Arvioitu lukuaika":"1 minuutti"},"schema":{"@context":"https:\/\/schema.org","@graph":[{"@type":"WebPage","@id":"https:\/\/sanlainfirewood.ee\/fi\/vienti\/","url":"https:\/\/sanlainfirewood.ee\/fi\/vienti\/","name":"Vienti - Sanlain Firewood","isPartOf":{"@id":"https:\/\/sanlainfirewood.ee\/#website"},"primaryImageOfPage":{"@id":"https:\/\/sanlainfirewood.ee\/fi\/vienti\/#primaryimage"},"image":{"@id":"https:\/\/sanlainfirewood.ee\/fi\/vienti\/#primaryimage"},"thumbnailUrl":"https:\/\/sanlainfirewood.ee\/wp-content\/uploads\/2024\/07\/tooted.jpg","datePublished":"2024-07-30T07:14:00+00:00","dateModified":"2025-07-04T14:45:19+00:00","description":"Tarjoamme koivu- ja lepp\u00e4takkapuita, jotka on pilkottu, kuivattu ja pakattu omassa tuotantolaitoksessamme. Tuotteet toimitetaan verkkopussissa tai pahvilaatikossa.","breadcrumb":{"@id":"https:\/\/sanlainfirewood.ee\/fi\/vienti\/#breadcrumb"},"inLanguage":"fi","potentialAction":[{"@type":"ReadAction","target":["https:\/\/sanlainfirewood.ee\/fi\/vienti\/"]}]},{"@type":"ImageObject","inLanguage":"fi","@id":"https:\/\/sanlainfirewood.ee\/fi\/vienti\/#primaryimage","url":"https:\/\/sanlainfirewood.ee\/wp-content\/uploads\/2024\/07\/tooted.jpg","contentUrl":"https:\/\/sanlainfirewood.ee\/wp-content\/uploads\/2024\/07\/tooted.jpg","width":1275,"height":709,"caption":"tooted"},{"@type":"BreadcrumbList","@id":"https:\/\/sanlainfirewood.ee\/fi\/vienti\/#breadcrumb","itemListElement":[{"@type":"ListItem","position":1,"name":"Home","item":"https:\/\/sanlainfirewood.ee\/fi\/"},{"@type":"ListItem","position":2,"name":"Vienti"}]},{"@type":"WebSite","@id":"https:\/\/sanlainfirewood.ee\/#website","url":"https:\/\/sanlainfirewood.ee\/","name":"Sanlain Firewood","description":"","publisher":{"@id":"https:\/\/sanlainfirewood.ee\/#organization"},"potentialAction":[{"@type":"SearchAction","target":{"@type":"EntryPoint","urlTemplate":"https:\/\/sanlainfirewood.ee\/?s={search_term_string}"},"query-input":{"@type":"PropertyValueSpecification","valueRequired":true,"valueName":"search_term_string"}}],"inLanguage":"fi"},{"@type":"Organization","@id":"https:\/\/sanlainfirewood.ee\/#organization","name":"Sanlain Firewood","url":"https:\/\/sanlainfirewood.ee\/","logo":{"@type":"ImageObject","inLanguage":"fi","@id":"https:\/\/sanlainfirewood.ee\/#\/schema\/logo\/image\/","url":"https:\/\/sanlainfirewood.ee\/wp-content\/uploads\/2024\/07\/sanlain-logo.png","contentUrl":"https:\/\/sanlainfirewood.ee\/wp-content\/uploads\/2024\/07\/sanlain-logo.png","width":412,"height":357,"caption":"Sanlain Firewood"},"image":{"@id":"https:\/\/sanlainfirewood.ee\/#\/schema\/logo\/image\/"}}]}},"_links":{"self":[{"href":"https:\/\/sanlainfirewood.ee\/fi\/wp-json\/wp\/v2\/pages\/2876","targetHints":{"allow":["GET"]}}],"collection":[{"href":"https:\/\/sanlainfirewood.ee\/fi\/wp-json\/wp\/v2\/pages"}],"about":[{"href":"https:\/\/sanlainfirewood.ee\/fi\/wp-json\/wp\/v2\/types\/page"}],"author":[{"embeddable":true,"href":"https:\/\/sanlainfirewood.ee\/fi\/wp-json\/wp\/v2\/users\/1"}],"replies":[{"embeddable":true,"href":"https:\/\/sanlainfirewood.ee\/fi\/wp-json\/wp\/v2\/comments?post=2876"}],"version-history":[{"count":9,"href":"https:\/\/sanlainfirewood.ee\/fi\/wp-json\/wp\/v2\/pages\/2876\/revisions"}],"predecessor-version":[{"id":2909,"href":"https:\/\/sanlainfirewood.ee\/fi\/wp-json\/wp\/v2\/pages\/2876\/revisions\/2909"}],"wp:featuredmedia":[{"embeddable":true,"href":"https:\/\/sanlainfirewood.ee\/fi\/wp-json\/wp\/v2\/media\/1425"}],"wp:attachment":[{"href":"https:\/\/sanlainfirewood.ee\/fi\/wp-json\/wp\/v2\/media?parent=2876"}],"curies":[{"name":"wp","href":"https:\/\/api.w.org\/{rel}","templated":true}]}}